{"id":2008,"date":"2022-02-15T14:36:04","date_gmt":"2022-02-15T14:36:04","guid":{"rendered":"https:\/\/www.eliteemployer.com\/?page_id=2008"},"modified":"2022-03-16T10:25:23","modified_gmt":"2022-03-16T10:25:23","slug":"about","status":"publish","type":"page","link":"https:\/\/www.eliteemployer.com\/pt-pt\/about\/","title":{"rendered":"About"},"content":{"rendered":"\t\t<div data-elementor-type=\"wp-page\" data-elementor-id=\"2008\" class=\"elementor elementor-2008 elementor-971\" data-elementor-post-type=\"page\">\n\t\t\t\t\t\t<section class=\"elementor-section elementor-top-section elementor-element elementor-element-e0dea4f elementor-section-height-min-height elementor-section-boxed elementor-section-height-default elementor-section-items-middle\" data-id=\"e0dea4f\" data-element_type=\"section\" data-settings=\"{&quot;background_background&quot;:&quot;classic&quot;}\">\n\t\t\t\t\t\t\t<div class=\"elementor-background-overlay\"><\/div>\n\t\t\t\t\t\t\t<div class=\"elementor-container elementor-column-gap-no\">\n\t\t\t\t\t<div class=\"elementor-column elementor-col-100 elementor-top-column elementor-element elementor-element-547a54b\" data-id=\"547a54b\" data-element_type=\"column\">\n\t\t\t<div class=\"elementor-widget-wrap elementor-element-populated\">\n\t\t\t\t\t\t<div class=\"elementor-element elementor-element-164feb4 elementor-widget elementor-widget-heading\" data-id=\"164feb4\" data-element_type=\"widget\" data-widget_type=\"heading.default\">\n\t\t\t\t<div class=\"elementor-widget-container\">\n\t\t\t\t\t<h6 class=\"elementor-heading-title elementor-size-default\">A equipe por tr\u00e1s da Empregador Elite<\/h6>\t\t\t\t<\/div>\n\t\t\t\t<\/div>\n\t\t\t\t<div class=\"elementor-element elementor-element-2f6750d elementor-widget elementor-widget-heading\" data-id=\"2f6750d\" data-element_type=\"widget\" data-widget_type=\"heading.default\">\n\t\t\t\t<div class=\"elementor-widget-container\">\n\t\t\t\t\t<h1 class=\"elementor-heading-title elementor-size-default\">SOBRE N\u00d3S\n<\/h1>\t\t\t\t<\/div>\n\t\t\t\t<\/div>\n\t\t\t\t<div class=\"elementor-element elementor-element-16e9825 elementor-widget elementor-widget-text-editor\" data-id=\"16e9825\" data-element_type=\"widget\" data-widget_type=\"text-editor.default\">\n\t\t\t\t<div class=\"elementor-widget-container\">\n\t\t\t\t\t\t\t\t\t<p>Quem somos, a nossa miss\u00e3o e os nossos interesses<\/p>\t\t\t\t\t\t\t\t<\/div>\n\t\t\t\t<\/div>\n\t\t\t\t\t<\/div>\n\t\t<\/div>\n\t\t\t\t\t<\/div>\n\t\t<\/section>\n\t\t\t\t<section class=\"elementor-section elementor-top-section elementor-element elementor-element-66f6c6a elementor-section-full_width elementor-reverse-mobile elementor-section-height-default elementor-section-height-default\" data-id=\"66f6c6a\" data-element_type=\"section\">\n\t\t\t\t\t\t<div class=\"elementor-container elementor-column-gap-no\">\n\t\t\t\t\t<div class=\"elementor-column elementor-col-50 elementor-top-column elementor-element elementor-element-4c94939\" data-id=\"4c94939\" data-element_type=\"column\" data-settings=\"{&quot;background_background&quot;:&quot;classic&quot;}\">\n\t\t\t<div class=\"elementor-widget-wrap elementor-element-populated\">\n\t\t\t\t\t<div class=\"elementor-background-overlay\"><\/div>\n\t\t\t\t\t\t<div class=\"elementor-element elementor-element-ad0d470 elementor-widget elementor-widget-spacer\" data-id=\"ad0d470\" data-element_type=\"widget\" data-widget_type=\"spacer.default\">\n\t\t\t\t<div class=\"elementor-widget-container\">\n\t\t\t\t\t\t\t<div class=\"elementor-spacer\">\n\t\t\t<div class=\"elementor-spacer-inner\"><\/div>\n\t\t<\/div>\n\t\t\t\t\t\t<\/div>\n\t\t\t\t<\/div>\n\t\t\t\t\t<\/div>\n\t\t<\/div>\n\t\t\t\t<div class=\"elementor-column elementor-col-50 elementor-top-column elementor-element elementor-element-bb91f2b\" data-id=\"bb91f2b\" data-element_type=\"column\" data-settings=\"{&quot;background_background&quot;:&quot;classic&quot;}\">\n\t\t\t<div class=\"elementor-widget-wrap elementor-element-populated\">\n\t\t\t\t\t\t<div class=\"elementor-element elementor-element-f76b67c elementor-widget elementor-widget-heading\" data-id=\"f76b67c\" data-element_type=\"widget\" data-widget_type=\"heading.default\">\n\t\t\t\t<div class=\"elementor-widget-container\">\n\t\t\t\t\t<h3 class=\"elementor-heading-title elementor-size-default\">VIS\u00c3O GERAL<\/h3>\t\t\t\t<\/div>\n\t\t\t\t<\/div>\n\t\t\t\t<div class=\"elementor-element elementor-element-7d848e4 elementor-widget elementor-widget-text-editor\" data-id=\"7d848e4\" data-element_type=\"widget\" data-widget_type=\"text-editor.default\">\n\t\t\t\t<div class=\"elementor-widget-container\">\n\t\t\t\t\t\t\t\t\t<p>Esta iniciativa \u00e9 uma colabora\u00e7\u00e3o entre a Tempus Unity &amp; a Tempus Global Group. O nosso objetivo \u00e9 torn\u00e1-lo num empregador mais atractivo poss\u00edvel, e ajud\u00e1-lo a obter todos os seguros e servi\u00e7os de que precisa para os seus trabalhadores. Em resumo, somos especialistas na aquisi\u00e7\u00e3o e reten\u00e7\u00e3o de talentos, benef\u00edcios para trabalhadores e servi\u00e7os associados, e resseguros em \u00c1frica.<\/p>\t\t\t\t\t\t\t\t<\/div>\n\t\t\t\t<\/div>\n\t\t\t\t\t<\/div>\n\t\t<\/div>\n\t\t\t\t\t<\/div>\n\t\t<\/section>\n\t\t\t\t<section class=\"elementor-section elementor-top-section elementor-element elementor-element-3e6fb3b elementor-section-full_width elementor-section-height-default elementor-section-height-default\" data-id=\"3e6fb3b\" data-element_type=\"section\">\n\t\t\t\t\t\t<div class=\"elementor-container elementor-column-gap-no\">\n\t\t\t\t\t<div class=\"elementor-column elementor-col-50 elementor-top-column elementor-element elementor-element-bfb13b9\" data-id=\"bfb13b9\" data-element_type=\"column\" data-settings=\"{&quot;background_background&quot;:&quot;classic&quot;}\">\n\t\t\t<div class=\"elementor-widget-wrap elementor-element-populated\">\n\t\t\t\t\t\t<div class=\"elementor-element elementor-element-a19e8d8 elementor-widget elementor-widget-heading\" data-id=\"a19e8d8\" data-element_type=\"widget\" data-widget_type=\"heading.default\">\n\t\t\t\t<div class=\"elementor-widget-container\">\n\t\t\t\t\t<h3 class=\"elementor-heading-title elementor-size-default\">MISS\u00c3O<\/h3>\t\t\t\t<\/div>\n\t\t\t\t<\/div>\n\t\t\t\t<div class=\"elementor-element elementor-element-caf1af5 elementor-widget elementor-widget-text-editor\" data-id=\"caf1af5\" data-element_type=\"widget\" data-widget_type=\"text-editor.default\">\n\t\t\t\t<div class=\"elementor-widget-container\">\n\t\t\t\t\t\t\t\t\t<p>Que voc\u00ea goste tanto de n\u00f3s que continue trabalhando conosco e que nos recomende a outras pessoas. Nosso objetivo tamb\u00e9m \u00e9 realmente contribuir para seu sucesso e suas metas enquanto empresa.<\/p>\t\t\t\t\t\t\t\t<\/div>\n\t\t\t\t<\/div>\n\t\t\t\t\t<\/div>\n\t\t<\/div>\n\t\t\t\t<div class=\"elementor-column elementor-col-50 elementor-top-column elementor-element elementor-element-aeefb64\" data-id=\"aeefb64\" data-element_type=\"column\" data-settings=\"{&quot;background_background&quot;:&quot;classic&quot;}\">\n\t\t\t<div class=\"elementor-widget-wrap elementor-element-populated\">\n\t\t\t\t\t<div class=\"elementor-background-overlay\"><\/div>\n\t\t\t\t\t\t<div class=\"elementor-element elementor-element-da01a49 elementor-widget elementor-widget-spacer\" data-id=\"da01a49\" data-element_type=\"widget\" data-widget_type=\"spacer.default\">\n\t\t\t\t<div class=\"elementor-widget-container\">\n\t\t\t\t\t\t\t<div class=\"elementor-spacer\">\n\t\t\t<div class=\"elementor-spacer-inner\"><\/div>\n\t\t<\/div>\n\t\t\t\t\t\t<\/div>\n\t\t\t\t<\/div>\n\t\t\t\t\t<\/div>\n\t\t<\/div>\n\t\t\t\t\t<\/div>\n\t\t<\/section>\n\t\t\t\t<section class=\"elementor-section elementor-top-section elementor-element elementor-element-a0c9f9c elementor-section-full_width elementor-section-height-default elementor-section-height-default\" data-id=\"a0c9f9c\" data-element_type=\"section\">\n\t\t\t\t\t\t<div class=\"elementor-container elementor-column-gap-no\">\n\t\t\t\t\t<div class=\"elementor-column elementor-col-50 elementor-top-column elementor-element elementor-element-43885c0\" data-id=\"43885c0\" data-element_type=\"column\" data-settings=\"{&quot;background_background&quot;:&quot;classic&quot;}\">\n\t\t\t<div class=\"elementor-widget-wrap elementor-element-populated\">\n\t\t\t\t\t<div class=\"elementor-background-overlay\"><\/div>\n\t\t\t\t\t\t<div class=\"elementor-element elementor-element-fca4c71 elementor-widget elementor-widget-spacer\" data-id=\"fca4c71\" data-element_type=\"widget\" data-widget_type=\"spacer.default\">\n\t\t\t\t<div class=\"elementor-widget-container\">\n\t\t\t\t\t\t\t<div class=\"elementor-spacer\">\n\t\t\t<div class=\"elementor-spacer-inner\"><\/div>\n\t\t<\/div>\n\t\t\t\t\t\t<\/div>\n\t\t\t\t<\/div>\n\t\t\t\t\t<\/div>\n\t\t<\/div>\n\t\t\t\t<div class=\"elementor-column elementor-col-50 elementor-top-column elementor-element elementor-element-b9f46a1\" data-id=\"b9f46a1\" data-element_type=\"column\" data-settings=\"{&quot;background_background&quot;:&quot;classic&quot;}\">\n\t\t\t<div class=\"elementor-widget-wrap elementor-element-populated\">\n\t\t\t\t\t\t<div class=\"elementor-element elementor-element-779d3cd elementor-widget elementor-widget-heading\" data-id=\"779d3cd\" data-element_type=\"widget\" data-widget_type=\"heading.default\">\n\t\t\t\t<div class=\"elementor-widget-container\">\n\t\t\t\t\t<h3 class=\"elementor-heading-title elementor-size-default\">VALORES<\/h3>\t\t\t\t<\/div>\n\t\t\t\t<\/div>\n\t\t\t\t<div class=\"elementor-element elementor-element-37723df elementor-widget elementor-widget-text-editor\" data-id=\"37723df\" data-element_type=\"widget\" data-widget_type=\"text-editor.default\">\n\t\t\t\t<div class=\"elementor-widget-container\">\n\t\t\t\t\t\t\t\t\t<p><strong>\u00c9tica:<\/strong> Uma abordagem \u00e9tica em todas as situa\u00e7\u00f5es e respeito por nossos clientes, nossa equipe e o meio ambiente.<\/p><p><strong>Meritocracia:<\/strong> Reconhecemos e recompensamos o desempenho de nossa equipe e sua contribui\u00e7\u00e3o para a Tempus.<\/p><p><strong>Atitude Proativa:<\/strong> Trabalhamos cada detalhe da solu\u00e7\u00e3o ideal, para chegar a um acordo de maneira colaborativa e fazer acontecer.<\/p><p><strong>Foco Em Resultados:<\/strong> Queremos compreender os desafios e objetivos dos nossos clientes para ajud\u00e1-los a obter os resultados desejados.<\/p><p><strong>Intelig\u00eancia Aplicada:<\/strong> Empregamos todo o nosso conhecimen<\/p>\t\t\t\t\t\t\t\t<\/div>\n\t\t\t\t<\/div>\n\t\t\t\t\t<\/div>\n\t\t<\/div>\n\t\t\t\t\t<\/div>\n\t\t<\/section>\n\t\t\t\t<section class=\"elementor-section elementor-top-section elementor-element elementor-element-a8a8abe elementor-section-boxed elementor-section-height-default elementor-section-height-default\" data-id=\"a8a8abe\" data-element_type=\"section\">\n\t\t\t\t\t\t<div class=\"elementor-container elementor-column-gap-default\">\n\t\t\t\t\t<div class=\"elementor-column elementor-col-100 elementor-top-column elementor-element elementor-element-9bf9f78\" data-id=\"9bf9f78\" data-element_type=\"column\">\n\t\t\t<div class=\"elementor-widget-wrap elementor-element-populated\">\n\t\t\t\t\t\t<div class=\"elementor-element elementor-element-99930cc elementor-widget elementor-widget-spacer\" data-id=\"99930cc\" data-element_type=\"widget\" data-widget_type=\"spacer.default\">\n\t\t\t\t<div class=\"elementor-widget-container\">\n\t\t\t\t\t\t\t<div class=\"elementor-spacer\">\n\t\t\t<div class=\"elementor-spacer-inner\"><\/div>\n\t\t<\/div>\n\t\t\t\t\t\t<\/div>\n\t\t\t\t<\/div>\n\t\t\t\t\t<\/div>\n\t\t<\/div>\n\t\t\t\t\t<\/div>\n\t\t<\/section>\n\t\t\t\t<section class=\"elementor-section elementor-top-section elementor-element elementor-element-12d76f0c elementor-section-boxed elementor-section-height-default elementor-section-height-default\" data-id=\"12d76f0c\" data-element_type=\"section\" data-settings=\"{&quot;background_background&quot;:&quot;gradient&quot;}\">\n\t\t\t\t\t\t<div class=\"elementor-container elementor-column-gap-no\">\n\t\t\t\t\t<div class=\"elementor-column elementor-col-50 elementor-top-column elementor-element elementor-element-72bfa791\" data-id=\"72bfa791\" data-element_type=\"column\" data-settings=\"{&quot;background_background&quot;:&quot;classic&quot;}\">\n\t\t\t<div class=\"elementor-widget-wrap elementor-element-populated\">\n\t\t\t\t\t\t<div class=\"elementor-element elementor-element-f9ecaca elementor-widget elementor-widget-image\" data-id=\"f9ecaca\" data-element_type=\"widget\" data-widget_type=\"image.default\">\n\t\t\t\t<div class=\"elementor-widget-container\">\n\t\t\t\t\t\t\t\t\t\t\t\t\t\t\t<img fetchpriority=\"high\" decoding=\"async\" width=\"1920\" height=\"542\" src=\"https:\/\/www.eliteemployer.com\/wp-content\/uploads\/2022\/03\/cropped-EE-LOGO.png\" class=\"attachment-full size-full wp-image-2372\" alt=\"\" srcset=\"https:\/\/www.eliteemployer.com\/wp-content\/uploads\/2022\/03\/cropped-EE-LOGO.png 1920w, https:\/\/www.eliteemployer.com\/wp-content\/uploads\/2022\/03\/cropped-EE-LOGO-300x85.png 300w, https:\/\/www.eliteemployer.com\/wp-content\/uploads\/2022\/03\/cropped-EE-LOGO-1024x289.png 1024w, https:\/\/www.eliteemployer.com\/wp-content\/uploads\/2022\/03\/cropped-EE-LOGO-768x217.png 768w, https:\/\/www.eliteemployer.com\/wp-content\/uploads\/2022\/03\/cropped-EE-LOGO-1536x434.png 1536w\" sizes=\"(max-width: 1920px) 100vw, 1920px\" \/>\t\t\t\t\t\t\t\t\t\t\t\t\t\t\t<\/div>\n\t\t\t\t<\/div>\n\t\t\t\t\t<\/div>\n\t\t<\/div>\n\t\t\t\t<div class=\"elementor-column elementor-col-50 elementor-top-column elementor-element elementor-element-aaf990e\" data-id=\"aaf990e\" data-element_type=\"column\">\n\t\t\t<div class=\"elementor-widget-wrap elementor-element-populated\">\n\t\t\t\t\t\t<div class=\"elementor-element elementor-element-437dccf9 elementor-widget elementor-widget-heading\" data-id=\"437dccf9\" data-element_type=\"widget\" data-widget_type=\"heading.default\">\n\t\t\t\t<div class=\"elementor-widget-container\">\n\t\t\t\t\t<h2 class=\"elementor-heading-title elementor-size-default\">Fale conosco hoje<\/h2>\t\t\t\t<\/div>\n\t\t\t\t<\/div>\n\t\t\t\t<div class=\"elementor-element elementor-element-6cc1fa7d elementor-widget elementor-widget-heading\" data-id=\"6cc1fa7d\" data-element_type=\"widget\" data-widget_type=\"heading.default\">\n\t\t\t\t<div class=\"elementor-widget-container\">\n\t\t\t\t\t<h5 class=\"elementor-heading-title elementor-size-default\">Esta interessado em saber mais ou em participar das nossas pesquisas? Gostar\u00edamos de ouvir a sua opini\u00e3o.<\/h5>\t\t\t\t<\/div>\n\t\t\t\t<\/div>\n\t\t\t\t<div class=\"elementor-element elementor-element-270e45d1 elementor-widget elementor-widget-button\" data-id=\"270e45d1\" data-element_type=\"widget\" data-widget_type=\"button.default\">\n\t\t\t\t<div class=\"elementor-widget-container\">\n\t\t\t\t\t\t\t\t\t<div class=\"elementor-button-wrapper\">\n\t\t\t\t\t<a class=\"elementor-button elementor-button-link elementor-size-sm\" href=\"https:\/\/www.eliteemployer.com\/pt-pt\/contacte\/\">\n\t\t\t\t\t\t<span class=\"elementor-button-content-wrapper\">\n\t\t\t\t\t\t\t\t\t<span class=\"elementor-button-text\">CONTACTE-NOS<\/span>\n\t\t\t\t\t<\/span>\n\t\t\t\t\t<\/a>\n\t\t\t\t<\/div>\n\t\t\t\t\t\t\t\t<\/div>\n\t\t\t\t<\/div>\n\t\t\t\t\t<\/div>\n\t\t<\/div>\n\t\t\t\t\t<\/div>\n\t\t<\/section>\n\t\t\t\t<\/div>\n\t\t","protected":false},"excerpt":{"rendered":"<p>A equipe por tr\u00e1s da Empregador Elite SOBRE N\u00d3S Quem somos, a nossa miss\u00e3o e os nossos interesses VIS\u00c3O GERAL Esta iniciativa \u00e9 uma colabora\u00e7\u00e3o entre a Tempus Unity &amp; a Tempus Global Group. O nosso objetivo \u00e9 torn\u00e1-lo num empregador mais atractivo poss\u00edvel, e ajud\u00e1-lo a obter todos os seguros e servi\u00e7os de que [&hellip;]<\/p>\n","protected":false},"author":1,"featured_media":0,"parent":0,"menu_order":0,"comment_status":"closed","ping_status":"closed","template":"","meta":{"site-sidebar-layout":"no-sidebar","site-content-layout":"page-builder","ast-site-content-layout":"default","site-content-style":"default","site-sidebar-style":"default","ast-global-header-display":"","ast-banner-title-visibility":"","ast-main-header-display":"","ast-hfb-above-header-display":"","ast-hfb-below-header-display":"","ast-hfb-mobile-header-display":"","site-post-title":"disabled","ast-breadcrumbs-content":"disabled","ast-featured-img":"disabled","footer-sml-layout":"","theme-transparent-header-meta":"enabled","adv-header-id-meta":"","stick-header-meta":"","header-above-stick-meta":"","header-main-stick-meta":"","header-below-stick-meta":"","astra-migrate-meta-layouts":"default","ast-page-background-enabled":"default","ast-page-background-meta":{"desktop":{"background-color":"","background-image":"","background-repeat":"repeat","background-position":"center center","background-size":"auto","background-attachment":"scroll","background-type":"","background-media":"","overlay-type":"","overlay-color":"","overlay-opacity":"","overlay-gradient":""},"tablet":{"background-color":"","background-image":"","background-repeat":"repeat","background-position":"center center","background-size":"auto","background-attachment":"scroll","background-type":"","background-media":"","overlay-type":"","overlay-color":"","overlay-opacity":"","overlay-gradient":""},"mobile":{"background-color":"","background-image":"","background-repeat":"repeat","background-position":"center center","background-size":"auto","background-attachment":"scroll","background-type":"","background-media":"","overlay-type":"","overlay-color":"","overlay-opacity":"","overlay-gradient":""}},"ast-content-background-meta":{"desktop":{"background-color":"var(--ast-global-color-5)","background-image":"","background-repeat":"repeat","background-position":"center center","background-size":"auto","background-attachment":"scroll","background-type":"","background-media":"","overlay-type":"","overlay-color":"","overlay-opacity":"","overlay-gradient":""},"tablet":{"background-color":"var(--ast-global-color-5)","background-image":"","background-repeat":"repeat","background-position":"center center","background-size":"auto","background-attachment":"scroll","background-type":"","background-media":"","overlay-type":"","overlay-color":"","overlay-opacity":"","overlay-gradient":""},"mobile":{"background-color":"var(--ast-global-color-5)","background-image":"","background-repeat":"repeat","background-position":"center center","background-size":"auto","background-attachment":"scroll","background-type":"","background-media":"","overlay-type":"","overlay-color":"","overlay-opacity":"","overlay-gradient":""}},"footnotes":""},"class_list":["post-2008","page","type-page","status-publish","hentry"],"yoast_head":"<!-- This site is optimized with the Yoast SEO plugin v26.9 - https:\/\/yoast.com\/product\/yoast-seo-wordpress\/ -->\n<title>About - Elite Employer<\/title>\n<meta name=\"robots\" content=\"index, follow, max-snippet:-1, max-image-preview:large, max-video-preview:-1\" \/>\n<link rel=\"canonical\" href=\"https:\/\/www.eliteemployer.com\/pt-pt\/about\/\" \/>\n<meta property=\"og:locale\" content=\"pt_PT\" \/>\n<meta property=\"og:type\" content=\"article\" \/>\n<meta property=\"og:title\" content=\"About - Elite Employer\" \/>\n<meta property=\"og:description\" content=\"A equipe por tr\u00e1s da Empregador Elite SOBRE N\u00d3S Quem somos, a nossa miss\u00e3o e os nossos interesses VIS\u00c3O GERAL Esta iniciativa \u00e9 uma colabora\u00e7\u00e3o entre a Tempus Unity &amp; a Tempus Global Group. O nosso objetivo \u00e9 torn\u00e1-lo num empregador mais atractivo poss\u00edvel, e ajud\u00e1-lo a obter todos os seguros e servi\u00e7os de que [&hellip;]\" \/>\n<meta property=\"og:url\" content=\"https:\/\/www.eliteemployer.com\/pt-pt\/about\/\" \/>\n<meta property=\"og:site_name\" content=\"Elite Employer\" \/>\n<meta property=\"article:modified_time\" content=\"2022-03-16T10:25:23+00:00\" \/>\n<meta property=\"og:image\" content=\"https:\/\/www.eliteemployer.com\/wp-content\/uploads\/2022\/03\/cropped-EE-LOGO.png\" \/>\n<meta name=\"twitter:card\" content=\"summary_large_image\" \/>\n<meta name=\"twitter:label1\" content=\"Tempo estimado de leitura\" \/>\n\t<meta name=\"twitter:data1\" content=\"2 minutos\" \/>\n<script type=\"application\/ld+json\" class=\"yoast-schema-graph\">{\"@context\":\"https:\/\/schema.org\",\"@graph\":[{\"@type\":\"WebPage\",\"@id\":\"https:\/\/www.eliteemployer.com\/pt-pt\/about\/\",\"url\":\"https:\/\/www.eliteemployer.com\/pt-pt\/about\/\",\"name\":\"About - Elite Employer\",\"isPartOf\":{\"@id\":\"https:\/\/www.eliteemployer.com\/pt-pt\/#website\"},\"primaryImageOfPage\":{\"@id\":\"https:\/\/www.eliteemployer.com\/pt-pt\/about\/#primaryimage\"},\"image\":{\"@id\":\"https:\/\/www.eliteemployer.com\/pt-pt\/about\/#primaryimage\"},\"thumbnailUrl\":\"https:\/\/www.eliteemployer.com\/wp-content\/uploads\/2022\/03\/cropped-EE-LOGO.png\",\"datePublished\":\"2022-02-15T14:36:04+00:00\",\"dateModified\":\"2022-03-16T10:25:23+00:00\",\"breadcrumb\":{\"@id\":\"https:\/\/www.eliteemployer.com\/pt-pt\/about\/#breadcrumb\"},\"inLanguage\":\"pt-PT\",\"potentialAction\":[{\"@type\":\"ReadAction\",\"target\":[\"https:\/\/www.eliteemployer.com\/pt-pt\/about\/\"]}]},{\"@type\":\"ImageObject\",\"inLanguage\":\"pt-PT\",\"@id\":\"https:\/\/www.eliteemployer.com\/pt-pt\/about\/#primaryimage\",\"url\":\"https:\/\/www.eliteemployer.com\/wp-content\/uploads\/2022\/03\/cropped-EE-LOGO.png\",\"contentUrl\":\"https:\/\/www.eliteemployer.com\/wp-content\/uploads\/2022\/03\/cropped-EE-LOGO.png\"},{\"@type\":\"BreadcrumbList\",\"@id\":\"https:\/\/www.eliteemployer.com\/pt-pt\/about\/#breadcrumb\",\"itemListElement\":[{\"@type\":\"ListItem\",\"position\":1,\"name\":\"Home\",\"item\":\"https:\/\/www.eliteemployer.com\/pt-pt\/\"},{\"@type\":\"ListItem\",\"position\":2,\"name\":\"About\"}]},{\"@type\":\"WebSite\",\"@id\":\"https:\/\/www.eliteemployer.com\/pt-pt\/#website\",\"url\":\"https:\/\/www.eliteemployer.com\/pt-pt\/\",\"name\":\"Elite Employer\",\"description\":\"Elite Employer\",\"publisher\":{\"@id\":\"https:\/\/www.eliteemployer.com\/pt-pt\/#organization\"},\"potentialAction\":[{\"@type\":\"SearchAction\",\"target\":{\"@type\":\"EntryPoint\",\"urlTemplate\":\"https:\/\/www.eliteemployer.com\/pt-pt\/?s={search_term_string}\"},\"query-input\":{\"@type\":\"PropertyValueSpecification\",\"valueRequired\":true,\"valueName\":\"search_term_string\"}}],\"inLanguage\":\"pt-PT\"},{\"@type\":\"Organization\",\"@id\":\"https:\/\/www.eliteemployer.com\/pt-pt\/#organization\",\"name\":\"Elite Employer\",\"url\":\"https:\/\/www.eliteemployer.com\/pt-pt\/\",\"logo\":{\"@type\":\"ImageObject\",\"inLanguage\":\"pt-PT\",\"@id\":\"https:\/\/www.eliteemployer.com\/pt-pt\/#\/schema\/logo\/image\/\",\"url\":\"https:\/\/www.eliteemployer.com\/wp-content\/uploads\/2022\/02\/EE-LOGO-WHITE.png\",\"contentUrl\":\"https:\/\/www.eliteemployer.com\/wp-content\/uploads\/2022\/02\/EE-LOGO-WHITE.png\",\"width\":1920,\"height\":542,\"caption\":\"Elite Employer\"},\"image\":{\"@id\":\"https:\/\/www.eliteemployer.com\/pt-pt\/#\/schema\/logo\/image\/\"}}]}<\/script>\n<!-- \/ Yoast SEO plugin. -->","yoast_head_json":{"title":"About - Elite Employer","robots":{"index":"index","follow":"follow","max-snippet":"max-snippet:-1","max-image-preview":"max-image-preview:large","max-video-preview":"max-video-preview:-1"},"canonical":"https:\/\/www.eliteemployer.com\/pt-pt\/about\/","og_locale":"pt_PT","og_type":"article","og_title":"About - Elite Employer","og_description":"A equipe por tr\u00e1s da Empregador Elite SOBRE N\u00d3S Quem somos, a nossa miss\u00e3o e os nossos interesses VIS\u00c3O GERAL Esta iniciativa \u00e9 uma colabora\u00e7\u00e3o entre a Tempus Unity &amp; a Tempus Global Group. O nosso objetivo \u00e9 torn\u00e1-lo num empregador mais atractivo poss\u00edvel, e ajud\u00e1-lo a obter todos os seguros e servi\u00e7os de que [&hellip;]","og_url":"https:\/\/www.eliteemployer.com\/pt-pt\/about\/","og_site_name":"Elite Employer","article_modified_time":"2022-03-16T10:25:23+00:00","og_image":[{"url":"https:\/\/www.eliteemployer.com\/wp-content\/uploads\/2022\/03\/cropped-EE-LOGO.png","type":"","width":"","height":""}],"twitter_card":"summary_large_image","twitter_misc":{"Tempo estimado de leitura":"2 minutos"},"schema":{"@context":"https:\/\/schema.org","@graph":[{"@type":"WebPage","@id":"https:\/\/www.eliteemployer.com\/pt-pt\/about\/","url":"https:\/\/www.eliteemployer.com\/pt-pt\/about\/","name":"About - Elite Employer","isPartOf":{"@id":"https:\/\/www.eliteemployer.com\/pt-pt\/#website"},"primaryImageOfPage":{"@id":"https:\/\/www.eliteemployer.com\/pt-pt\/about\/#primaryimage"},"image":{"@id":"https:\/\/www.eliteemployer.com\/pt-pt\/about\/#primaryimage"},"thumbnailUrl":"https:\/\/www.eliteemployer.com\/wp-content\/uploads\/2022\/03\/cropped-EE-LOGO.png","datePublished":"2022-02-15T14:36:04+00:00","dateModified":"2022-03-16T10:25:23+00:00","breadcrumb":{"@id":"https:\/\/www.eliteemployer.com\/pt-pt\/about\/#breadcrumb"},"inLanguage":"pt-PT","potentialAction":[{"@type":"ReadAction","target":["https:\/\/www.eliteemployer.com\/pt-pt\/about\/"]}]},{"@type":"ImageObject","inLanguage":"pt-PT","@id":"https:\/\/www.eliteemployer.com\/pt-pt\/about\/#primaryimage","url":"https:\/\/www.eliteemployer.com\/wp-content\/uploads\/2022\/03\/cropped-EE-LOGO.png","contentUrl":"https:\/\/www.eliteemployer.com\/wp-content\/uploads\/2022\/03\/cropped-EE-LOGO.png"},{"@type":"BreadcrumbList","@id":"https:\/\/www.eliteemployer.com\/pt-pt\/about\/#breadcrumb","itemListElement":[{"@type":"ListItem","position":1,"name":"Home","item":"https:\/\/www.eliteemployer.com\/pt-pt\/"},{"@type":"ListItem","position":2,"name":"About"}]},{"@type":"WebSite","@id":"https:\/\/www.eliteemployer.com\/pt-pt\/#website","url":"https:\/\/www.eliteemployer.com\/pt-pt\/","name":"Elite Employer","description":"Elite Employer","publisher":{"@id":"https:\/\/www.eliteemployer.com\/pt-pt\/#organization"},"potentialAction":[{"@type":"SearchAction","target":{"@type":"EntryPoint","urlTemplate":"https:\/\/www.eliteemployer.com\/pt-pt\/?s={search_term_string}"},"query-input":{"@type":"PropertyValueSpecification","valueRequired":true,"valueName":"search_term_string"}}],"inLanguage":"pt-PT"},{"@type":"Organization","@id":"https:\/\/www.eliteemployer.com\/pt-pt\/#organization","name":"Elite Employer","url":"https:\/\/www.eliteemployer.com\/pt-pt\/","logo":{"@type":"ImageObject","inLanguage":"pt-PT","@id":"https:\/\/www.eliteemployer.com\/pt-pt\/#\/schema\/logo\/image\/","url":"https:\/\/www.eliteemployer.com\/wp-content\/uploads\/2022\/02\/EE-LOGO-WHITE.png","contentUrl":"https:\/\/www.eliteemployer.com\/wp-content\/uploads\/2022\/02\/EE-LOGO-WHITE.png","width":1920,"height":542,"caption":"Elite Employer"},"image":{"@id":"https:\/\/www.eliteemployer.com\/pt-pt\/#\/schema\/logo\/image\/"}}]}},"_links":{"self":[{"href":"https:\/\/www.eliteemployer.com\/pt-pt\/wp-json\/wp\/v2\/pages\/2008","targetHints":{"allow":["GET"]}}],"collection":[{"href":"https:\/\/www.eliteemployer.com\/pt-pt\/wp-json\/wp\/v2\/pages"}],"about":[{"href":"https:\/\/www.eliteemployer.com\/pt-pt\/wp-json\/wp\/v2\/types\/page"}],"author":[{"embeddable":true,"href":"https:\/\/www.eliteemployer.com\/pt-pt\/wp-json\/wp\/v2\/users\/1"}],"replies":[{"embeddable":true,"href":"https:\/\/www.eliteemployer.com\/pt-pt\/wp-json\/wp\/v2\/comments?post=2008"}],"version-history":[{"count":0,"href":"https:\/\/www.eliteemployer.com\/pt-pt\/wp-json\/wp\/v2\/pages\/2008\/revisions"}],"wp:attachment":[{"href":"https:\/\/www.eliteemployer.com\/pt-pt\/wp-json\/wp\/v2\/media?parent=2008"}],"curies":[{"name":"wp","href":"https:\/\/api.w.org\/{rel}","templated":true}]}}