{"id":2017,"date":"2022-02-15T14:49:02","date_gmt":"2022-02-15T14:49:02","guid":{"rendered":"https:\/\/www.eliteemployer.com\/?page_id=2017"},"modified":"2022-03-07T16:49:10","modified_gmt":"2022-03-07T16:49:10","slug":"isencao-de-responsabilidade","status":"publish","type":"page","link":"https:\/\/www.eliteemployer.com\/pt-pt\/isencao-de-responsabilidade\/","title":{"rendered":"Isen\u00e7\u00e3o de responsabilidade"},"content":{"rendered":"\t\t<div data-elementor-type=\"wp-page\" data-elementor-id=\"2017\" class=\"elementor elementor-2017 elementor-1108\" data-elementor-post-type=\"page\">\n\t\t\t\t\t\t<section class=\"elementor-section elementor-top-section elementor-element elementor-element-0334f6c elementor-section-height-min-height elementor-section-boxed elementor-section-height-default elementor-section-items-middle\" data-id=\"0334f6c\" data-element_type=\"section\" data-settings=\"{&quot;background_background&quot;:&quot;classic&quot;}\">\n\t\t\t\t\t\t\t<div class=\"elementor-background-overlay\"><\/div>\n\t\t\t\t\t\t\t<div class=\"elementor-container elementor-column-gap-no\">\n\t\t\t\t\t<div class=\"elementor-column elementor-col-100 elementor-top-column elementor-element elementor-element-91b67b4\" data-id=\"91b67b4\" data-element_type=\"column\">\n\t\t\t<div class=\"elementor-widget-wrap elementor-element-populated\">\n\t\t\t\t\t\t<div class=\"elementor-element elementor-element-2443ab6 elementor-widget elementor-widget-heading\" data-id=\"2443ab6\" data-element_type=\"widget\" data-widget_type=\"heading.default\">\n\t\t\t\t<div class=\"elementor-widget-container\">\n\t\t\t\t\t<h6 class=\"elementor-heading-title elementor-size-default\">Elite Employer<\/h6>\t\t\t\t<\/div>\n\t\t\t\t<\/div>\n\t\t\t\t<div class=\"elementor-element elementor-element-8518466 elementor-widget elementor-widget-heading\" data-id=\"8518466\" data-element_type=\"widget\" data-widget_type=\"heading.default\">\n\t\t\t\t<div class=\"elementor-widget-container\">\n\t\t\t\t\t<h1 class=\"elementor-heading-title elementor-size-default\">Informa\u00e7\u00e3o legal<\/h1>\t\t\t\t<\/div>\n\t\t\t\t<\/div>\n\t\t\t\t\t<\/div>\n\t\t<\/div>\n\t\t\t\t\t<\/div>\n\t\t<\/section>\n\t\t\t\t<section class=\"elementor-section elementor-top-section elementor-element elementor-element-77e88ce elementor-section-content-top elementor-section-boxed elementor-section-height-default elementor-section-height-default\" data-id=\"77e88ce\" data-element_type=\"section\" data-settings=\"{&quot;background_background&quot;:&quot;classic&quot;}\">\n\t\t\t\t\t\t<div class=\"elementor-container elementor-column-gap-no\">\n\t\t\t\t\t<div class=\"elementor-column elementor-col-100 elementor-top-column elementor-element elementor-element-3139b8d\" data-id=\"3139b8d\" data-element_type=\"column\">\n\t\t\t<div class=\"elementor-widget-wrap elementor-element-populated\">\n\t\t\t\t\t\t<div class=\"elementor-element elementor-element-426fba6 elementor-widget elementor-widget-text-editor\" data-id=\"426fba6\" data-element_type=\"widget\" data-widget_type=\"text-editor.default\">\n\t\t\t\t<div class=\"elementor-widget-container\">\n\t\t\t\t\t\t\t\t\t<h3>Isen\u00e7\u00e3o de responsabilidade<\/h3><p>A informa\u00e7\u00e3o contida neste website serve apenas para fins informativos. A informa\u00e7\u00e3o \u00e9 fornecida pela Tempus, e embora nos esforcemos por manter a informa\u00e7\u00e3o correta e atualizada, n\u00e3o prestamos quaisquer tipo de representa\u00e7\u00e3o ou garantia, expressa ou impl\u00edcita, sobre a integridade, precis\u00e3o, credibilidade, adequa\u00e7\u00e3o ou disponibilidade do website ou da informa\u00e7\u00e3o, produtos, servi\u00e7os, ou conte\u00fado gr\u00e1fico contido no website. Deste modo, est\u00e1 a assumir o risco sobre esta informa\u00e7\u00e3o.<\/p><p>\u00a0<\/p><p>A informa\u00e7\u00e3o e as imagens contidas neste website s\u00e3o propriedade da \u00a9Tempus. Este website n\u00e3o deve ser usado para fins ilegais, e aceita que n\u00e3o deve enviar, usar, copiar, publicar ou permitir a publica\u00e7\u00e3o de material difamat\u00f3rio ou obsceno, segundo o Obscene Publications Act, ou ainda abusivo, indecente ou em viola\u00e7\u00e3o da privacidade de outrem. Concorda em n\u00e3o enviar qualquer material promocional ou publicit\u00e1rio, spam ou material semelhante, ou elevado n\u00famero de mensagens que possam interferir com a opera\u00e7\u00e3o deste website ou com a frui\u00e7\u00e3o destes pelos restantes utilizadores.<\/p><p>\u00a0<\/p><p>A Tempus e os agentes que agem em seu nome reservam-se ao direito de a qualquer momento, sem aviso pr\u00e9vio, melhorar, modificar, alterar, suspender ou fechar permanentemente este website ou parte(s) dele, e de restringir ou proibir o seu acesso.<\/p><p>\u00a0<\/p><p>Ao usar este website aceita indeminizar a Tempus e os seus agentes de quaisquer custos, queixas, perdas ou danos (inclusive despesas jur\u00eddicas) decorrentes de ou contra a Tempus e os seus agentes, como resultado do uso incorreto do website ou viola\u00e7\u00e3o destes termos.<\/p>\t\t\t\t\t\t\t\t<\/div>\n\t\t\t\t<\/div>\n\t\t\t\t\t<\/div>\n\t\t<\/div>\n\t\t\t\t\t<\/div>\n\t\t<\/section>\n\t\t\t\t<section class=\"elementor-section elementor-top-section elementor-element elementor-element-45f5ccd9 elementor-section-boxed elementor-section-height-default elementor-section-height-default\" data-id=\"45f5ccd9\" data-element_type=\"section\" data-settings=\"{&quot;background_background&quot;:&quot;gradient&quot;}\">\n\t\t\t\t\t\t<div class=\"elementor-container elementor-column-gap-no\">\n\t\t\t\t\t<div class=\"elementor-column elementor-col-50 elementor-top-column elementor-element elementor-element-43b5e491\" data-id=\"43b5e491\" data-element_type=\"column\" data-settings=\"{&quot;background_background&quot;:&quot;classic&quot;}\">\n\t\t\t<div class=\"elementor-widget-wrap elementor-element-populated\">\n\t\t\t\t\t\t<div class=\"elementor-element elementor-element-75d0ea16 elementor-widget elementor-widget-image\" data-id=\"75d0ea16\" data-element_type=\"widget\" data-widget_type=\"image.default\">\n\t\t\t\t<div class=\"elementor-widget-container\">\n\t\t\t\t\t\t\t\t\t\t\t\t\t\t\t<img fetchpriority=\"high\" decoding=\"async\" width=\"1920\" height=\"542\" src=\"https:\/\/www.eliteemployer.com\/wp-content\/uploads\/2022\/02\/cropped-EE-LOGO.png\" class=\"attachment-full size-full wp-image-1747\" alt=\"\" srcset=\"https:\/\/www.eliteemployer.com\/wp-content\/uploads\/2022\/02\/cropped-EE-LOGO.png 1920w, https:\/\/www.eliteemployer.com\/wp-content\/uploads\/2022\/02\/cropped-EE-LOGO-300x85.png 300w, https:\/\/www.eliteemployer.com\/wp-content\/uploads\/2022\/02\/cropped-EE-LOGO-1024x289.png 1024w, https:\/\/www.eliteemployer.com\/wp-content\/uploads\/2022\/02\/cropped-EE-LOGO-768x217.png 768w, https:\/\/www.eliteemployer.com\/wp-content\/uploads\/2022\/02\/cropped-EE-LOGO-1536x434.png 1536w, https:\/\/www.eliteemployer.com\/wp-content\/uploads\/2022\/02\/cropped-EE-LOGO-180x51.png 180w\" sizes=\"(max-width: 1920px) 100vw, 1920px\" \/>\t\t\t\t\t\t\t\t\t\t\t\t\t\t\t<\/div>\n\t\t\t\t<\/div>\n\t\t\t\t\t<\/div>\n\t\t<\/div>\n\t\t\t\t<div class=\"elementor-column elementor-col-50 elementor-top-column elementor-element elementor-element-691cdfd4\" data-id=\"691cdfd4\" data-element_type=\"column\">\n\t\t\t<div class=\"elementor-widget-wrap elementor-element-populated\">\n\t\t\t\t\t\t<div class=\"elementor-element elementor-element-49daac4d elementor-widget elementor-widget-heading\" data-id=\"49daac4d\" data-element_type=\"widget\" data-widget_type=\"heading.default\">\n\t\t\t\t<div class=\"elementor-widget-container\">\n\t\t\t\t\t<h2 class=\"elementor-heading-title elementor-size-default\">Speak to us today<\/h2>\t\t\t\t<\/div>\n\t\t\t\t<\/div>\n\t\t\t\t<div class=\"elementor-element elementor-element-67a76a2e elementor-widget elementor-widget-heading\" data-id=\"67a76a2e\" data-element_type=\"widget\" data-widget_type=\"heading.default\">\n\t\t\t\t<div class=\"elementor-widget-container\">\n\t\t\t\t\t<h5 class=\"elementor-heading-title elementor-size-default\">Interested in learning more or taking part in our national employer surveys? We\u2019d love to hear from you.<\/h5>\t\t\t\t<\/div>\n\t\t\t\t<\/div>\n\t\t\t\t<div class=\"elementor-element elementor-element-74aec97 elementor-widget elementor-widget-button\" data-id=\"74aec97\" data-element_type=\"widget\" data-widget_type=\"button.default\">\n\t\t\t\t<div class=\"elementor-widget-container\">\n\t\t\t\t\t\t\t\t\t<div class=\"elementor-button-wrapper\">\n\t\t\t\t\t<a class=\"elementor-button elementor-button-link elementor-size-sm\" href=\"http:\/\/Contact\">\n\t\t\t\t\t\t<span class=\"elementor-button-content-wrapper\">\n\t\t\t\t\t\t\t\t\t<span class=\"elementor-button-text\">Talk to us<\/span>\n\t\t\t\t\t<\/span>\n\t\t\t\t\t<\/a>\n\t\t\t\t<\/div>\n\t\t\t\t\t\t\t\t<\/div>\n\t\t\t\t<\/div>\n\t\t\t\t\t<\/div>\n\t\t<\/div>\n\t\t\t\t\t<\/div>\n\t\t<\/section>\n\t\t\t\t<\/div>\n\t\t","protected":false},"excerpt":{"rendered":"<p>Elite Employer Informa\u00e7\u00e3o legal Isen\u00e7\u00e3o de responsabilidade A informa\u00e7\u00e3o contida neste website serve apenas para fins informativos. A informa\u00e7\u00e3o \u00e9 fornecida pela Tempus, e embora nos esforcemos por manter a informa\u00e7\u00e3o correta e atualizada, n\u00e3o prestamos quaisquer tipo de representa\u00e7\u00e3o ou garantia, expressa ou impl\u00edcita, sobre a integridade, precis\u00e3o, credibilidade, adequa\u00e7\u00e3o ou disponibilidade do website [&hellip;]<\/p>\n","protected":false},"author":1,"featured_media":0,"parent":0,"menu_order":0,"comment_status":"closed","ping_status":"closed","template":"","meta":{"site-sidebar-layout":"no-sidebar","site-content-layout":"page-builder","ast-site-content-layout":"default","site-content-style":"default","site-sidebar-style":"default","ast-global-header-display":"","ast-banner-title-visibility":"","ast-main-header-display":"","ast-hfb-above-header-display":"","ast-hfb-below-header-display":"","ast-hfb-mobile-header-display":"","site-post-title":"disabled","ast-breadcrumbs-content":"disabled","ast-featured-img":"disabled","footer-sml-layout":"","theme-transparent-header-meta":"enabled","adv-header-id-meta":"","stick-header-meta":"","header-above-stick-meta":"","header-main-stick-meta":"","header-below-stick-meta":"","astra-migrate-meta-layouts":"default","ast-page-background-enabled":"default","ast-page-background-meta":{"desktop":{"background-color":"","background-image":"","background-repeat":"repeat","background-position":"center center","background-size":"auto","background-attachment":"scroll","background-type":"","background-media":"","overlay-type":"","overlay-color":"","overlay-opacity":"","overlay-gradient":""},"tablet":{"background-color":"","background-image":"","background-repeat":"repeat","background-position":"center center","background-size":"auto","background-attachment":"scroll","background-type":"","background-media":"","overlay-type":"","overlay-color":"","overlay-opacity":"","overlay-gradient":""},"mobile":{"background-color":"","background-image":"","background-repeat":"repeat","background-position":"center center","background-size":"auto","background-attachment":"scroll","background-type":"","background-media":"","overlay-type":"","overlay-color":"","overlay-opacity":"","overlay-gradient":""}},"ast-content-background-meta":{"desktop":{"background-color":"var(--ast-global-color-5)","background-image":"","background-repeat":"repeat","background-position":"center center","background-size":"auto","background-attachment":"scroll","background-type":"","background-media":"","overlay-type":"","overlay-color":"","overlay-opacity":"","overlay-gradient":""},"tablet":{"background-color":"var(--ast-global-color-5)","background-image":"","background-repeat":"repeat","background-position":"center center","background-size":"auto","background-attachment":"scroll","background-type":"","background-media":"","overlay-type":"","overlay-color":"","overlay-opacity":"","overlay-gradient":""},"mobile":{"background-color":"var(--ast-global-color-5)","background-image":"","background-repeat":"repeat","background-position":"center center","background-size":"auto","background-attachment":"scroll","background-type":"","background-media":"","overlay-type":"","overlay-color":"","overlay-opacity":"","overlay-gradient":""}},"footnotes":""},"class_list":["post-2017","page","type-page","status-publish","hentry"],"yoast_head":"<!-- This site is optimized with the Yoast SEO plugin v26.9 - https:\/\/yoast.com\/product\/yoast-seo-wordpress\/ -->\n<title>Isen\u00e7\u00e3o de responsabilidade - Elite Employer<\/title>\n<meta name=\"robots\" content=\"index, follow, max-snippet:-1, max-image-preview:large, max-video-preview:-1\" \/>\n<link rel=\"canonical\" href=\"https:\/\/www.eliteemployer.com\/pt-pt\/isencao-de-responsabilidade\/\" \/>\n<meta property=\"og:locale\" content=\"pt_PT\" \/>\n<meta property=\"og:type\" content=\"article\" \/>\n<meta property=\"og:title\" content=\"Isen\u00e7\u00e3o de responsabilidade - Elite Employer\" \/>\n<meta property=\"og:description\" content=\"Elite Employer Informa\u00e7\u00e3o legal Isen\u00e7\u00e3o de responsabilidade A informa\u00e7\u00e3o contida neste website serve apenas para fins informativos. A informa\u00e7\u00e3o \u00e9 fornecida pela Tempus, e embora nos esforcemos por manter a informa\u00e7\u00e3o correta e atualizada, n\u00e3o prestamos quaisquer tipo de representa\u00e7\u00e3o ou garantia, expressa ou impl\u00edcita, sobre a integridade, precis\u00e3o, credibilidade, adequa\u00e7\u00e3o ou disponibilidade do website [&hellip;]\" \/>\n<meta property=\"og:url\" content=\"https:\/\/www.eliteemployer.com\/pt-pt\/isencao-de-responsabilidade\/\" \/>\n<meta property=\"og:site_name\" content=\"Elite Employer\" \/>\n<meta property=\"article:modified_time\" content=\"2022-03-07T16:49:10+00:00\" \/>\n<meta property=\"og:image\" content=\"https:\/\/www.eliteemployer.com\/wp-content\/uploads\/2022\/02\/cropped-EE-LOGO.png\" \/>\n<meta name=\"twitter:card\" content=\"summary_large_image\" \/>\n<meta name=\"twitter:label1\" content=\"Tempo estimado de leitura\" \/>\n\t<meta name=\"twitter:data1\" content=\"2 minutos\" \/>\n<script type=\"application\/ld+json\" class=\"yoast-schema-graph\">{\"@context\":\"https:\/\/schema.org\",\"@graph\":[{\"@type\":\"WebPage\",\"@id\":\"https:\/\/www.eliteemployer.com\/pt-pt\/isencao-de-responsabilidade\/\",\"url\":\"https:\/\/www.eliteemployer.com\/pt-pt\/isencao-de-responsabilidade\/\",\"name\":\"Isen\u00e7\u00e3o de responsabilidade - Elite Employer\",\"isPartOf\":{\"@id\":\"https:\/\/www.eliteemployer.com\/pt-pt\/#website\"},\"primaryImageOfPage\":{\"@id\":\"https:\/\/www.eliteemployer.com\/pt-pt\/isencao-de-responsabilidade\/#primaryimage\"},\"image\":{\"@id\":\"https:\/\/www.eliteemployer.com\/pt-pt\/isencao-de-responsabilidade\/#primaryimage\"},\"thumbnailUrl\":\"https:\/\/www.eliteemployer.com\/wp-content\/uploads\/2022\/02\/cropped-EE-LOGO.png\",\"datePublished\":\"2022-02-15T14:49:02+00:00\",\"dateModified\":\"2022-03-07T16:49:10+00:00\",\"breadcrumb\":{\"@id\":\"https:\/\/www.eliteemployer.com\/pt-pt\/isencao-de-responsabilidade\/#breadcrumb\"},\"inLanguage\":\"pt-PT\",\"potentialAction\":[{\"@type\":\"ReadAction\",\"target\":[\"https:\/\/www.eliteemployer.com\/pt-pt\/isencao-de-responsabilidade\/\"]}]},{\"@type\":\"ImageObject\",\"inLanguage\":\"pt-PT\",\"@id\":\"https:\/\/www.eliteemployer.com\/pt-pt\/isencao-de-responsabilidade\/#primaryimage\",\"url\":\"https:\/\/www.eliteemployer.com\/wp-content\/uploads\/2022\/02\/cropped-EE-LOGO.png\",\"contentUrl\":\"https:\/\/www.eliteemployer.com\/wp-content\/uploads\/2022\/02\/cropped-EE-LOGO.png\"},{\"@type\":\"BreadcrumbList\",\"@id\":\"https:\/\/www.eliteemployer.com\/pt-pt\/isencao-de-responsabilidade\/#breadcrumb\",\"itemListElement\":[{\"@type\":\"ListItem\",\"position\":1,\"name\":\"Home\",\"item\":\"https:\/\/www.eliteemployer.com\/pt-pt\/\"},{\"@type\":\"ListItem\",\"position\":2,\"name\":\"Isen\u00e7\u00e3o de responsabilidade\"}]},{\"@type\":\"WebSite\",\"@id\":\"https:\/\/www.eliteemployer.com\/pt-pt\/#website\",\"url\":\"https:\/\/www.eliteemployer.com\/pt-pt\/\",\"name\":\"Elite Employer\",\"description\":\"Elite Employer\",\"publisher\":{\"@id\":\"https:\/\/www.eliteemployer.com\/pt-pt\/#organization\"},\"potentialAction\":[{\"@type\":\"SearchAction\",\"target\":{\"@type\":\"EntryPoint\",\"urlTemplate\":\"https:\/\/www.eliteemployer.com\/pt-pt\/?s={search_term_string}\"},\"query-input\":{\"@type\":\"PropertyValueSpecification\",\"valueRequired\":true,\"valueName\":\"search_term_string\"}}],\"inLanguage\":\"pt-PT\"},{\"@type\":\"Organization\",\"@id\":\"https:\/\/www.eliteemployer.com\/pt-pt\/#organization\",\"name\":\"Elite Employer\",\"url\":\"https:\/\/www.eliteemployer.com\/pt-pt\/\",\"logo\":{\"@type\":\"ImageObject\",\"inLanguage\":\"pt-PT\",\"@id\":\"https:\/\/www.eliteemployer.com\/pt-pt\/#\/schema\/logo\/image\/\",\"url\":\"https:\/\/www.eliteemployer.com\/wp-content\/uploads\/2022\/02\/EE-LOGO-WHITE.png\",\"contentUrl\":\"https:\/\/www.eliteemployer.com\/wp-content\/uploads\/2022\/02\/EE-LOGO-WHITE.png\",\"width\":1920,\"height\":542,\"caption\":\"Elite Employer\"},\"image\":{\"@id\":\"https:\/\/www.eliteemployer.com\/pt-pt\/#\/schema\/logo\/image\/\"}}]}<\/script>\n<!-- \/ Yoast SEO plugin. -->","yoast_head_json":{"title":"Isen\u00e7\u00e3o de responsabilidade - Elite Employer","robots":{"index":"index","follow":"follow","max-snippet":"max-snippet:-1","max-image-preview":"max-image-preview:large","max-video-preview":"max-video-preview:-1"},"canonical":"https:\/\/www.eliteemployer.com\/pt-pt\/isencao-de-responsabilidade\/","og_locale":"pt_PT","og_type":"article","og_title":"Isen\u00e7\u00e3o de responsabilidade - Elite Employer","og_description":"Elite Employer Informa\u00e7\u00e3o legal Isen\u00e7\u00e3o de responsabilidade A informa\u00e7\u00e3o contida neste website serve apenas para fins informativos. A informa\u00e7\u00e3o \u00e9 fornecida pela Tempus, e embora nos esforcemos por manter a informa\u00e7\u00e3o correta e atualizada, n\u00e3o prestamos quaisquer tipo de representa\u00e7\u00e3o ou garantia, expressa ou impl\u00edcita, sobre a integridade, precis\u00e3o, credibilidade, adequa\u00e7\u00e3o ou disponibilidade do website [&hellip;]","og_url":"https:\/\/www.eliteemployer.com\/pt-pt\/isencao-de-responsabilidade\/","og_site_name":"Elite Employer","article_modified_time":"2022-03-07T16:49:10+00:00","og_image":[{"url":"https:\/\/www.eliteemployer.com\/wp-content\/uploads\/2022\/02\/cropped-EE-LOGO.png","type":"","width":"","height":""}],"twitter_card":"summary_large_image","twitter_misc":{"Tempo estimado de leitura":"2 minutos"},"schema":{"@context":"https:\/\/schema.org","@graph":[{"@type":"WebPage","@id":"https:\/\/www.eliteemployer.com\/pt-pt\/isencao-de-responsabilidade\/","url":"https:\/\/www.eliteemployer.com\/pt-pt\/isencao-de-responsabilidade\/","name":"Isen\u00e7\u00e3o de responsabilidade - Elite Employer","isPartOf":{"@id":"https:\/\/www.eliteemployer.com\/pt-pt\/#website"},"primaryImageOfPage":{"@id":"https:\/\/www.eliteemployer.com\/pt-pt\/isencao-de-responsabilidade\/#primaryimage"},"image":{"@id":"https:\/\/www.eliteemployer.com\/pt-pt\/isencao-de-responsabilidade\/#primaryimage"},"thumbnailUrl":"https:\/\/www.eliteemployer.com\/wp-content\/uploads\/2022\/02\/cropped-EE-LOGO.png","datePublished":"2022-02-15T14:49:02+00:00","dateModified":"2022-03-07T16:49:10+00:00","breadcrumb":{"@id":"https:\/\/www.eliteemployer.com\/pt-pt\/isencao-de-responsabilidade\/#breadcrumb"},"inLanguage":"pt-PT","potentialAction":[{"@type":"ReadAction","target":["https:\/\/www.eliteemployer.com\/pt-pt\/isencao-de-responsabilidade\/"]}]},{"@type":"ImageObject","inLanguage":"pt-PT","@id":"https:\/\/www.eliteemployer.com\/pt-pt\/isencao-de-responsabilidade\/#primaryimage","url":"https:\/\/www.eliteemployer.com\/wp-content\/uploads\/2022\/02\/cropped-EE-LOGO.png","contentUrl":"https:\/\/www.eliteemployer.com\/wp-content\/uploads\/2022\/02\/cropped-EE-LOGO.png"},{"@type":"BreadcrumbList","@id":"https:\/\/www.eliteemployer.com\/pt-pt\/isencao-de-responsabilidade\/#breadcrumb","itemListElement":[{"@type":"ListItem","position":1,"name":"Home","item":"https:\/\/www.eliteemployer.com\/pt-pt\/"},{"@type":"ListItem","position":2,"name":"Isen\u00e7\u00e3o de responsabilidade"}]},{"@type":"WebSite","@id":"https:\/\/www.eliteemployer.com\/pt-pt\/#website","url":"https:\/\/www.eliteemployer.com\/pt-pt\/","name":"Elite Employer","description":"Elite Employer","publisher":{"@id":"https:\/\/www.eliteemployer.com\/pt-pt\/#organization"},"potentialAction":[{"@type":"SearchAction","target":{"@type":"EntryPoint","urlTemplate":"https:\/\/www.eliteemployer.com\/pt-pt\/?s={search_term_string}"},"query-input":{"@type":"PropertyValueSpecification","valueRequired":true,"valueName":"search_term_string"}}],"inLanguage":"pt-PT"},{"@type":"Organization","@id":"https:\/\/www.eliteemployer.com\/pt-pt\/#organization","name":"Elite Employer","url":"https:\/\/www.eliteemployer.com\/pt-pt\/","logo":{"@type":"ImageObject","inLanguage":"pt-PT","@id":"https:\/\/www.eliteemployer.com\/pt-pt\/#\/schema\/logo\/image\/","url":"https:\/\/www.eliteemployer.com\/wp-content\/uploads\/2022\/02\/EE-LOGO-WHITE.png","contentUrl":"https:\/\/www.eliteemployer.com\/wp-content\/uploads\/2022\/02\/EE-LOGO-WHITE.png","width":1920,"height":542,"caption":"Elite Employer"},"image":{"@id":"https:\/\/www.eliteemployer.com\/pt-pt\/#\/schema\/logo\/image\/"}}]}},"_links":{"self":[{"href":"https:\/\/www.eliteemployer.com\/pt-pt\/wp-json\/wp\/v2\/pages\/2017","targetHints":{"allow":["GET"]}}],"collection":[{"href":"https:\/\/www.eliteemployer.com\/pt-pt\/wp-json\/wp\/v2\/pages"}],"about":[{"href":"https:\/\/www.eliteemployer.com\/pt-pt\/wp-json\/wp\/v2\/types\/page"}],"author":[{"embeddable":true,"href":"https:\/\/www.eliteemployer.com\/pt-pt\/wp-json\/wp\/v2\/users\/1"}],"replies":[{"embeddable":true,"href":"https:\/\/www.eliteemployer.com\/pt-pt\/wp-json\/wp\/v2\/comments?post=2017"}],"version-history":[{"count":0,"href":"https:\/\/www.eliteemployer.com\/pt-pt\/wp-json\/wp\/v2\/pages\/2017\/revisions"}],"wp:attachment":[{"href":"https:\/\/www.eliteemployer.com\/pt-pt\/wp-json\/wp\/v2\/media?parent=2017"}],"curies":[{"name":"wp","href":"https:\/\/api.w.org\/{rel}","templated":true}]}}