{"id":2019,"date":"2022-02-15T14:57:25","date_gmt":"2022-02-15T14:57:25","guid":{"rendered":"https:\/\/www.eliteemployer.com\/?page_id=2019"},"modified":"2022-04-07T08:30:17","modified_gmt":"2022-04-07T08:30:17","slug":"regulamento-conformidade","status":"publish","type":"page","link":"https:\/\/www.eliteemployer.com\/pt-pt\/regulamento-conformidade\/","title":{"rendered":"Regulamento &#038; Conformidade"},"content":{"rendered":"\t\t<div data-elementor-type=\"wp-page\" data-elementor-id=\"2019\" class=\"elementor elementor-2019 elementor-1124\" data-elementor-post-type=\"page\">\n\t\t\t\t\t\t<section class=\"elementor-section elementor-top-section elementor-element elementor-element-0334f6c elementor-section-height-min-height elementor-section-boxed elementor-section-height-default elementor-section-items-middle\" data-id=\"0334f6c\" data-element_type=\"section\" data-settings=\"{&quot;background_background&quot;:&quot;classic&quot;}\">\n\t\t\t\t\t\t\t<div class=\"elementor-background-overlay\"><\/div>\n\t\t\t\t\t\t\t<div class=\"elementor-container elementor-column-gap-no\">\n\t\t\t\t\t<div class=\"elementor-column elementor-col-100 elementor-top-column elementor-element elementor-element-91b67b4\" data-id=\"91b67b4\" data-element_type=\"column\">\n\t\t\t<div class=\"elementor-widget-wrap elementor-element-populated\">\n\t\t\t\t\t\t<div class=\"elementor-element elementor-element-2443ab6 elementor-widget elementor-widget-heading\" data-id=\"2443ab6\" data-element_type=\"widget\" data-widget_type=\"heading.default\">\n\t\t\t\t<div class=\"elementor-widget-container\">\n\t\t\t\t\t<h6 class=\"elementor-heading-title elementor-size-default\">Elite Employer<\/h6>\t\t\t\t<\/div>\n\t\t\t\t<\/div>\n\t\t\t\t<div class=\"elementor-element elementor-element-8518466 elementor-widget elementor-widget-heading\" data-id=\"8518466\" data-element_type=\"widget\" data-widget_type=\"heading.default\">\n\t\t\t\t<div class=\"elementor-widget-container\">\n\t\t\t\t\t<h1 class=\"elementor-heading-title elementor-size-default\">Regulamento e conformidade<\/h1>\t\t\t\t<\/div>\n\t\t\t\t<\/div>\n\t\t\t\t\t<\/div>\n\t\t<\/div>\n\t\t\t\t\t<\/div>\n\t\t<\/section>\n\t\t\t\t<section class=\"elementor-section elementor-top-section elementor-element elementor-element-77e88ce elementor-section-content-top elementor-section-boxed elementor-section-height-default elementor-section-height-default\" data-id=\"77e88ce\" data-element_type=\"section\" data-settings=\"{&quot;background_background&quot;:&quot;classic&quot;}\">\n\t\t\t\t\t\t<div class=\"elementor-container elementor-column-gap-no\">\n\t\t\t\t\t<div class=\"elementor-column elementor-col-100 elementor-top-column elementor-element elementor-element-3139b8d\" data-id=\"3139b8d\" data-element_type=\"column\">\n\t\t\t<div class=\"elementor-widget-wrap elementor-element-populated\">\n\t\t\t\t\t\t<div class=\"elementor-element elementor-element-426fba6 elementor-widget elementor-widget-text-editor\" data-id=\"426fba6\" data-element_type=\"widget\" data-widget_type=\"text-editor.default\">\n\t\t\t\t<div class=\"elementor-widget-container\">\n\t\t\t\t\t\t\t\t\t<h3>Regulamento e conformidade<\/h3><p>Elite Employer \u00e9 um servi\u00e7o levado at\u00e9 si pela Tempus Unity e pela Tempus Global Group.<\/p><p>TEMPUS GLOBAL GROUP S.A.R.L. \u00e9 uma empresa registada em M\u00f3naco, localizada em N\u00ba. 41, Avenue Hector Hugo, C\/o AAACS Formule Campus, 98000- M\u00f3naco. Registada com o n\u00famero 19 S 08 333 e autorizada a exercer actividade pela Expansion Economique.<\/p><p>Tempus Unity \u00e9 uma empresa registrada em Mo\u00e7ambique, localizado na Av.Marginal, N\u00ba. 4985, no edif\u00edcio Zen, 5\u02da andar e registada no NUIT 101639347 e em plena conformidade com a regulamenta\u00e7\u00e3o local.<\/p><p>Tempus Global Group e Tempus Unity comprometem-se a fornecer-lhe o mais alto n\u00edvel de servi\u00e7o, no entanto, se n\u00e3o estiver satisfeito com os nossos servi\u00e7os, por favor, enderece o assunto para o nosso Oficial de Compliance, atrav\u00e9s do e-mail info@tempusglobalgroup.com, indicando no assunto que se trata de uma reclama\u00e7\u00e3o ou de um pedido de esclarecimento.<\/p><p>As suas reclama\u00e7\u00f5es ser\u00e3o analisadas pela nossa \u00e1rea de Compliance que lhe enviar\u00e1 uma resposta num prazo m\u00e1ximo de dez (10) dias \u00fateis.<\/p>\t\t\t\t\t\t\t\t<\/div>\n\t\t\t\t<\/div>\n\t\t\t\t\t<\/div>\n\t\t<\/div>\n\t\t\t\t\t<\/div>\n\t\t<\/section>\n\t\t\t\t<section class=\"elementor-section elementor-top-section elementor-element elementor-element-1364456d elementor-section-boxed elementor-section-height-default elementor-section-height-default\" data-id=\"1364456d\" data-element_type=\"section\" data-settings=\"{&quot;background_background&quot;:&quot;gradient&quot;}\">\n\t\t\t\t\t\t<div class=\"elementor-container elementor-column-gap-no\">\n\t\t\t\t\t<div class=\"elementor-column elementor-col-50 elementor-top-column elementor-element elementor-element-6f3689c8\" data-id=\"6f3689c8\" data-element_type=\"column\" data-settings=\"{&quot;background_background&quot;:&quot;classic&quot;}\">\n\t\t\t<div class=\"elementor-widget-wrap elementor-element-populated\">\n\t\t\t\t\t\t<div class=\"elementor-element elementor-element-2495a0 elementor-widget elementor-widget-image\" data-id=\"2495a0\" data-element_type=\"widget\" data-widget_type=\"image.default\">\n\t\t\t\t<div class=\"elementor-widget-container\">\n\t\t\t\t\t\t\t\t\t\t\t\t\t\t\t<img fetchpriority=\"high\" decoding=\"async\" width=\"1920\" height=\"542\" src=\"https:\/\/www.eliteemployer.com\/wp-content\/uploads\/2022\/02\/cropped-EE-LOGO.png\" class=\"attachment-full size-full wp-image-1747\" alt=\"\" srcset=\"https:\/\/www.eliteemployer.com\/wp-content\/uploads\/2022\/02\/cropped-EE-LOGO.png 1920w, https:\/\/www.eliteemployer.com\/wp-content\/uploads\/2022\/02\/cropped-EE-LOGO-300x85.png 300w, https:\/\/www.eliteemployer.com\/wp-content\/uploads\/2022\/02\/cropped-EE-LOGO-1024x289.png 1024w, https:\/\/www.eliteemployer.com\/wp-content\/uploads\/2022\/02\/cropped-EE-LOGO-768x217.png 768w, https:\/\/www.eliteemployer.com\/wp-content\/uploads\/2022\/02\/cropped-EE-LOGO-1536x434.png 1536w, https:\/\/www.eliteemployer.com\/wp-content\/uploads\/2022\/02\/cropped-EE-LOGO-180x51.png 180w\" sizes=\"(max-width: 1920px) 100vw, 1920px\" \/>\t\t\t\t\t\t\t\t\t\t\t\t\t\t\t<\/div>\n\t\t\t\t<\/div>\n\t\t\t\t\t<\/div>\n\t\t<\/div>\n\t\t\t\t<div class=\"elementor-column elementor-col-50 elementor-top-column elementor-element elementor-element-64f327f8\" data-id=\"64f327f8\" data-element_type=\"column\">\n\t\t\t<div class=\"elementor-widget-wrap elementor-element-populated\">\n\t\t\t\t\t\t<div class=\"elementor-element elementor-element-b1af28 elementor-widget elementor-widget-heading\" data-id=\"b1af28\" data-element_type=\"widget\" data-widget_type=\"heading.default\">\n\t\t\t\t<div class=\"elementor-widget-container\">\n\t\t\t\t\t<h2 class=\"elementor-heading-title elementor-size-default\">Fale conosco hoje<\/h2>\t\t\t\t<\/div>\n\t\t\t\t<\/div>\n\t\t\t\t<div class=\"elementor-element elementor-element-79e09210 elementor-widget elementor-widget-heading\" data-id=\"79e09210\" data-element_type=\"widget\" data-widget_type=\"heading.default\">\n\t\t\t\t<div class=\"elementor-widget-container\">\n\t\t\t\t\t<h5 class=\"elementor-heading-title elementor-size-default\">Esta interessado em saber mais ou em participar das nossas pesquisas? Gostar\u00edamos de ouvir a sua opini\u00e3o.<\/h5>\t\t\t\t<\/div>\n\t\t\t\t<\/div>\n\t\t\t\t<div class=\"elementor-element elementor-element-ef1859a elementor-widget elementor-widget-button\" data-id=\"ef1859a\" data-element_type=\"widget\" data-widget_type=\"button.default\">\n\t\t\t\t<div class=\"elementor-widget-container\">\n\t\t\t\t\t\t\t\t\t<div class=\"elementor-button-wrapper\">\n\t\t\t\t\t<a class=\"elementor-button elementor-button-link elementor-size-sm\" href=\"https:\/\/www.eliteemployer.com\/pt-pt\/contacte\/\">\n\t\t\t\t\t\t<span class=\"elementor-button-content-wrapper\">\n\t\t\t\t\t\t\t\t\t<span class=\"elementor-button-text\">CONTACTE-NOS<\/span>\n\t\t\t\t\t<\/span>\n\t\t\t\t\t<\/a>\n\t\t\t\t<\/div>\n\t\t\t\t\t\t\t\t<\/div>\n\t\t\t\t<\/div>\n\t\t\t\t\t<\/div>\n\t\t<\/div>\n\t\t\t\t\t<\/div>\n\t\t<\/section>\n\t\t\t\t<section class=\"elementor-section elementor-top-section elementor-element elementor-element-0fb7e3d elementor-section-boxed elementor-section-height-default elementor-section-height-default\" data-id=\"0fb7e3d\" data-element_type=\"section\">\n\t\t\t\t\t\t<div class=\"elementor-container elementor-column-gap-default\">\n\t\t\t\t\t<div class=\"elementor-column elementor-col-100 elementor-top-column elementor-element elementor-element-fcdb3f3\" data-id=\"fcdb3f3\" data-element_type=\"column\">\n\t\t\t<div class=\"elementor-widget-wrap elementor-element-populated\">\n\t\t\t\t\t\t\t<\/div>\n\t\t<\/div>\n\t\t\t\t\t<\/div>\n\t\t<\/section>\n\t\t\t\t<\/div>\n\t\t","protected":false},"excerpt":{"rendered":"<p>Elite Employer Regulamento e conformidade Regulamento e conformidade Elite Employer \u00e9 um servi\u00e7o levado at\u00e9 si pela Tempus Unity e pela Tempus Global Group. TEMPUS GLOBAL GROUP S.A.R.L. \u00e9 uma empresa registada em M\u00f3naco, localizada em N\u00ba. 41, Avenue Hector Hugo, C\/o AAACS Formule Campus, 98000- M\u00f3naco. Registada com o n\u00famero 19 S 08 333 [&hellip;]<\/p>\n","protected":false},"author":1,"featured_media":0,"parent":0,"menu_order":0,"comment_status":"closed","ping_status":"closed","template":"","meta":{"site-sidebar-layout":"no-sidebar","site-content-layout":"page-builder","ast-site-content-layout":"default","site-content-style":"default","site-sidebar-style":"default","ast-global-header-display":"","ast-banner-title-visibility":"","ast-main-header-display":"","ast-hfb-above-header-display":"","ast-hfb-below-header-display":"","ast-hfb-mobile-header-display":"","site-post-title":"disabled","ast-breadcrumbs-content":"disabled","ast-featured-img":"disabled","footer-sml-layout":"","theme-transparent-header-meta":"enabled","adv-header-id-meta":"","stick-header-meta":"","header-above-stick-meta":"","header-main-stick-meta":"","header-below-stick-meta":"","astra-migrate-meta-layouts":"default","ast-page-background-enabled":"default","ast-page-background-meta":{"desktop":{"background-color":"","background-image":"","background-repeat":"repeat","background-position":"center center","background-size":"auto","background-attachment":"scroll","background-type":"","background-media":"","overlay-type":"","overlay-color":"","overlay-opacity":"","overlay-gradient":""},"tablet":{"background-color":"","background-image":"","background-repeat":"repeat","background-position":"center center","background-size":"auto","background-attachment":"scroll","background-type":"","background-media":"","overlay-type":"","overlay-color":"","overlay-opacity":"","overlay-gradient":""},"mobile":{"background-color":"","background-image":"","background-repeat":"repeat","background-position":"center center","background-size":"auto","background-attachment":"scroll","background-type":"","background-media":"","overlay-type":"","overlay-color":"","overlay-opacity":"","overlay-gradient":""}},"ast-content-background-meta":{"desktop":{"background-color":"var(--ast-global-color-5)","background-image":"","background-repeat":"repeat","background-position":"center center","background-size":"auto","background-attachment":"scroll","background-type":"","background-media":"","overlay-type":"","overlay-color":"","overlay-opacity":"","overlay-gradient":""},"tablet":{"background-color":"var(--ast-global-color-5)","background-image":"","background-repeat":"repeat","background-position":"center center","background-size":"auto","background-attachment":"scroll","background-type":"","background-media":"","overlay-type":"","overlay-color":"","overlay-opacity":"","overlay-gradient":""},"mobile":{"background-color":"var(--ast-global-color-5)","background-image":"","background-repeat":"repeat","background-position":"center center","background-size":"auto","background-attachment":"scroll","background-type":"","background-media":"","overlay-type":"","overlay-color":"","overlay-opacity":"","overlay-gradient":""}},"footnotes":""},"class_list":["post-2019","page","type-page","status-publish","hentry"],"yoast_head":"<!-- This site is optimized with the Yoast SEO plugin v26.9 - https:\/\/yoast.com\/product\/yoast-seo-wordpress\/ -->\n<title>Regulamento &amp; Conformidade - Elite Employer<\/title>\n<meta name=\"robots\" content=\"index, follow, max-snippet:-1, max-image-preview:large, max-video-preview:-1\" \/>\n<link rel=\"canonical\" href=\"https:\/\/www.eliteemployer.com\/pt-pt\/regulamento-conformidade\/\" \/>\n<meta property=\"og:locale\" content=\"pt_PT\" \/>\n<meta property=\"og:type\" content=\"article\" \/>\n<meta property=\"og:title\" content=\"Regulamento &amp; Conformidade - Elite Employer\" \/>\n<meta property=\"og:description\" content=\"Elite Employer Regulamento e conformidade Regulamento e conformidade Elite Employer \u00e9 um servi\u00e7o levado at\u00e9 si pela Tempus Unity e pela Tempus Global Group. TEMPUS GLOBAL GROUP S.A.R.L. \u00e9 uma empresa registada em M\u00f3naco, localizada em N\u00ba. 41, Avenue Hector Hugo, C\/o AAACS Formule Campus, 98000- M\u00f3naco. Registada com o n\u00famero 19 S 08 333 [&hellip;]\" \/>\n<meta property=\"og:url\" content=\"https:\/\/www.eliteemployer.com\/pt-pt\/regulamento-conformidade\/\" \/>\n<meta property=\"og:site_name\" content=\"Elite Employer\" \/>\n<meta property=\"article:modified_time\" content=\"2022-04-07T08:30:17+00:00\" \/>\n<meta property=\"og:image\" content=\"https:\/\/www.eliteemployer.com\/wp-content\/uploads\/2022\/02\/cropped-EE-LOGO.png\" \/>\n<meta name=\"twitter:card\" content=\"summary_large_image\" \/>\n<meta name=\"twitter:label1\" content=\"Tempo estimado de leitura\" \/>\n\t<meta name=\"twitter:data1\" content=\"2 minutos\" \/>\n<script type=\"application\/ld+json\" class=\"yoast-schema-graph\">{\"@context\":\"https:\/\/schema.org\",\"@graph\":[{\"@type\":\"WebPage\",\"@id\":\"https:\/\/www.eliteemployer.com\/pt-pt\/regulamento-conformidade\/\",\"url\":\"https:\/\/www.eliteemployer.com\/pt-pt\/regulamento-conformidade\/\",\"name\":\"Regulamento & Conformidade - Elite Employer\",\"isPartOf\":{\"@id\":\"https:\/\/www.eliteemployer.com\/pt-pt\/#website\"},\"primaryImageOfPage\":{\"@id\":\"https:\/\/www.eliteemployer.com\/pt-pt\/regulamento-conformidade\/#primaryimage\"},\"image\":{\"@id\":\"https:\/\/www.eliteemployer.com\/pt-pt\/regulamento-conformidade\/#primaryimage\"},\"thumbnailUrl\":\"https:\/\/www.eliteemployer.com\/wp-content\/uploads\/2022\/02\/cropped-EE-LOGO.png\",\"datePublished\":\"2022-02-15T14:57:25+00:00\",\"dateModified\":\"2022-04-07T08:30:17+00:00\",\"breadcrumb\":{\"@id\":\"https:\/\/www.eliteemployer.com\/pt-pt\/regulamento-conformidade\/#breadcrumb\"},\"inLanguage\":\"pt-PT\",\"potentialAction\":[{\"@type\":\"ReadAction\",\"target\":[\"https:\/\/www.eliteemployer.com\/pt-pt\/regulamento-conformidade\/\"]}]},{\"@type\":\"ImageObject\",\"inLanguage\":\"pt-PT\",\"@id\":\"https:\/\/www.eliteemployer.com\/pt-pt\/regulamento-conformidade\/#primaryimage\",\"url\":\"https:\/\/www.eliteemployer.com\/wp-content\/uploads\/2022\/02\/cropped-EE-LOGO.png\",\"contentUrl\":\"https:\/\/www.eliteemployer.com\/wp-content\/uploads\/2022\/02\/cropped-EE-LOGO.png\"},{\"@type\":\"BreadcrumbList\",\"@id\":\"https:\/\/www.eliteemployer.com\/pt-pt\/regulamento-conformidade\/#breadcrumb\",\"itemListElement\":[{\"@type\":\"ListItem\",\"position\":1,\"name\":\"Home\",\"item\":\"https:\/\/www.eliteemployer.com\/pt-pt\/\"},{\"@type\":\"ListItem\",\"position\":2,\"name\":\"Regulamento &#038; Conformidade\"}]},{\"@type\":\"WebSite\",\"@id\":\"https:\/\/www.eliteemployer.com\/pt-pt\/#website\",\"url\":\"https:\/\/www.eliteemployer.com\/pt-pt\/\",\"name\":\"Elite Employer\",\"description\":\"Elite Employer\",\"publisher\":{\"@id\":\"https:\/\/www.eliteemployer.com\/pt-pt\/#organization\"},\"potentialAction\":[{\"@type\":\"SearchAction\",\"target\":{\"@type\":\"EntryPoint\",\"urlTemplate\":\"https:\/\/www.eliteemployer.com\/pt-pt\/?s={search_term_string}\"},\"query-input\":{\"@type\":\"PropertyValueSpecification\",\"valueRequired\":true,\"valueName\":\"search_term_string\"}}],\"inLanguage\":\"pt-PT\"},{\"@type\":\"Organization\",\"@id\":\"https:\/\/www.eliteemployer.com\/pt-pt\/#organization\",\"name\":\"Elite Employer\",\"url\":\"https:\/\/www.eliteemployer.com\/pt-pt\/\",\"logo\":{\"@type\":\"ImageObject\",\"inLanguage\":\"pt-PT\",\"@id\":\"https:\/\/www.eliteemployer.com\/pt-pt\/#\/schema\/logo\/image\/\",\"url\":\"https:\/\/www.eliteemployer.com\/wp-content\/uploads\/2022\/02\/EE-LOGO-WHITE.png\",\"contentUrl\":\"https:\/\/www.eliteemployer.com\/wp-content\/uploads\/2022\/02\/EE-LOGO-WHITE.png\",\"width\":1920,\"height\":542,\"caption\":\"Elite Employer\"},\"image\":{\"@id\":\"https:\/\/www.eliteemployer.com\/pt-pt\/#\/schema\/logo\/image\/\"}}]}<\/script>\n<!-- \/ Yoast SEO plugin. -->","yoast_head_json":{"title":"Regulamento & Conformidade - Elite Employer","robots":{"index":"index","follow":"follow","max-snippet":"max-snippet:-1","max-image-preview":"max-image-preview:large","max-video-preview":"max-video-preview:-1"},"canonical":"https:\/\/www.eliteemployer.com\/pt-pt\/regulamento-conformidade\/","og_locale":"pt_PT","og_type":"article","og_title":"Regulamento & Conformidade - Elite Employer","og_description":"Elite Employer Regulamento e conformidade Regulamento e conformidade Elite Employer \u00e9 um servi\u00e7o levado at\u00e9 si pela Tempus Unity e pela Tempus Global Group. TEMPUS GLOBAL GROUP S.A.R.L. \u00e9 uma empresa registada em M\u00f3naco, localizada em N\u00ba. 41, Avenue Hector Hugo, C\/o AAACS Formule Campus, 98000- M\u00f3naco. Registada com o n\u00famero 19 S 08 333 [&hellip;]","og_url":"https:\/\/www.eliteemployer.com\/pt-pt\/regulamento-conformidade\/","og_site_name":"Elite Employer","article_modified_time":"2022-04-07T08:30:17+00:00","og_image":[{"url":"https:\/\/www.eliteemployer.com\/wp-content\/uploads\/2022\/02\/cropped-EE-LOGO.png","type":"","width":"","height":""}],"twitter_card":"summary_large_image","twitter_misc":{"Tempo estimado de leitura":"2 minutos"},"schema":{"@context":"https:\/\/schema.org","@graph":[{"@type":"WebPage","@id":"https:\/\/www.eliteemployer.com\/pt-pt\/regulamento-conformidade\/","url":"https:\/\/www.eliteemployer.com\/pt-pt\/regulamento-conformidade\/","name":"Regulamento & Conformidade - Elite Employer","isPartOf":{"@id":"https:\/\/www.eliteemployer.com\/pt-pt\/#website"},"primaryImageOfPage":{"@id":"https:\/\/www.eliteemployer.com\/pt-pt\/regulamento-conformidade\/#primaryimage"},"image":{"@id":"https:\/\/www.eliteemployer.com\/pt-pt\/regulamento-conformidade\/#primaryimage"},"thumbnailUrl":"https:\/\/www.eliteemployer.com\/wp-content\/uploads\/2022\/02\/cropped-EE-LOGO.png","datePublished":"2022-02-15T14:57:25+00:00","dateModified":"2022-04-07T08:30:17+00:00","breadcrumb":{"@id":"https:\/\/www.eliteemployer.com\/pt-pt\/regulamento-conformidade\/#breadcrumb"},"inLanguage":"pt-PT","potentialAction":[{"@type":"ReadAction","target":["https:\/\/www.eliteemployer.com\/pt-pt\/regulamento-conformidade\/"]}]},{"@type":"ImageObject","inLanguage":"pt-PT","@id":"https:\/\/www.eliteemployer.com\/pt-pt\/regulamento-conformidade\/#primaryimage","url":"https:\/\/www.eliteemployer.com\/wp-content\/uploads\/2022\/02\/cropped-EE-LOGO.png","contentUrl":"https:\/\/www.eliteemployer.com\/wp-content\/uploads\/2022\/02\/cropped-EE-LOGO.png"},{"@type":"BreadcrumbList","@id":"https:\/\/www.eliteemployer.com\/pt-pt\/regulamento-conformidade\/#breadcrumb","itemListElement":[{"@type":"ListItem","position":1,"name":"Home","item":"https:\/\/www.eliteemployer.com\/pt-pt\/"},{"@type":"ListItem","position":2,"name":"Regulamento &#038; Conformidade"}]},{"@type":"WebSite","@id":"https:\/\/www.eliteemployer.com\/pt-pt\/#website","url":"https:\/\/www.eliteemployer.com\/pt-pt\/","name":"Elite Employer","description":"Elite Employer","publisher":{"@id":"https:\/\/www.eliteemployer.com\/pt-pt\/#organization"},"potentialAction":[{"@type":"SearchAction","target":{"@type":"EntryPoint","urlTemplate":"https:\/\/www.eliteemployer.com\/pt-pt\/?s={search_term_string}"},"query-input":{"@type":"PropertyValueSpecification","valueRequired":true,"valueName":"search_term_string"}}],"inLanguage":"pt-PT"},{"@type":"Organization","@id":"https:\/\/www.eliteemployer.com\/pt-pt\/#organization","name":"Elite Employer","url":"https:\/\/www.eliteemployer.com\/pt-pt\/","logo":{"@type":"ImageObject","inLanguage":"pt-PT","@id":"https:\/\/www.eliteemployer.com\/pt-pt\/#\/schema\/logo\/image\/","url":"https:\/\/www.eliteemployer.com\/wp-content\/uploads\/2022\/02\/EE-LOGO-WHITE.png","contentUrl":"https:\/\/www.eliteemployer.com\/wp-content\/uploads\/2022\/02\/EE-LOGO-WHITE.png","width":1920,"height":542,"caption":"Elite Employer"},"image":{"@id":"https:\/\/www.eliteemployer.com\/pt-pt\/#\/schema\/logo\/image\/"}}]}},"_links":{"self":[{"href":"https:\/\/www.eliteemployer.com\/pt-pt\/wp-json\/wp\/v2\/pages\/2019","targetHints":{"allow":["GET"]}}],"collection":[{"href":"https:\/\/www.eliteemployer.com\/pt-pt\/wp-json\/wp\/v2\/pages"}],"about":[{"href":"https:\/\/www.eliteemployer.com\/pt-pt\/wp-json\/wp\/v2\/types\/page"}],"author":[{"embeddable":true,"href":"https:\/\/www.eliteemployer.com\/pt-pt\/wp-json\/wp\/v2\/users\/1"}],"replies":[{"embeddable":true,"href":"https:\/\/www.eliteemployer.com\/pt-pt\/wp-json\/wp\/v2\/comments?post=2019"}],"version-history":[{"count":0,"href":"https:\/\/www.eliteemployer.com\/pt-pt\/wp-json\/wp\/v2\/pages\/2019\/revisions"}],"wp:attachment":[{"href":"https:\/\/www.eliteemployer.com\/pt-pt\/wp-json\/wp\/v2\/media?parent=2019"}],"curies":[{"name":"wp","href":"https:\/\/api.w.org\/{rel}","templated":true}]}}